{"id":5232,"date":"2022-10-02T14:35:05","date_gmt":"2022-10-02T14:35:05","guid":{"rendered":"https:\/\/online-synergy.ro\/?page_id=5232"},"modified":"2023-02-13T22:11:54","modified_gmt":"2023-02-13T22:11:54","slug":"link-uri-platite-cu-da-mare","status":"publish","type":"page","link":"https:\/\/online-synergy.ro\/en\/servicii\/link-uri-platite-cu-da-mare\/","title":{"rendered":"Paid backlinks with big DA"},"content":{"rendered":"<div data-elementor-type=\"wp-page\" data-elementor-id=\"5232\" class=\"elementor elementor-5232\">\n\t\t\t\t\t\t\t\t\t<section class=\"elementor-section elementor-top-section elementor-element elementor-element-b5774b3 elementor-section-boxed elementor-section-height-default elementor-section-height-default\" data-id=\"b5774b3\" data-element_type=\"section\">\n\t\t\t\t\t\t<div class=\"elementor-container elementor-column-gap-default\">\n\t\t\t\t\t<div class=\"elementor-column elementor-col-100 elementor-top-column elementor-element elementor-element-48cc3c8\" data-id=\"48cc3c8\" data-element_type=\"column\">\n\t\t\t<div class=\"elementor-widget-wrap elementor-element-populated\">\n\t\t\t\t\t\t\t\t<div class=\"elementor-element elementor-element-992e024 elementor-widget elementor-widget-heading\" data-id=\"992e024\" data-element_type=\"widget\" data-widget_type=\"heading.default\">\n\t\t\t\t<div class=\"elementor-widget-container\">\n\t\t\t<style>\/*! elementor - v3.7.7 - 20-09-2022 *\/\n.elementor-heading-title{padding:0;margin:0;line-height:1}.elementor-widget-heading .elementor-heading-title[class*=elementor-size-]>a{color:inherit;font-size:inherit;line-height:inherit}.elementor-widget-heading .elementor-heading-title.elementor-size-small{font-size:15px}.elementor-widget-heading .elementor-heading-title.elementor-size-medium{font-size:19px}.elementor-widget-heading .elementor-heading-title.elementor-size-large{font-size:29px}.elementor-widget-heading .elementor-heading-title.elementor-size-xl{font-size:39px}.elementor-widget-heading .elementor-heading-title.elementor-size-xxl{font-size:59px}<\/style><h1 class=\"elementor-heading-title elementor-size-default\">Paid backlinks with big DA<\/h1>\t\t<\/div>\n\t\t\t\t<\/div>\n\t\t\t\t\t<\/div>\n\t\t<\/div>\n\t\t\t\t\t\t\t<\/div>\n\t\t<\/section>\n\t\t\t\t<section class=\"elementor-section elementor-top-section elementor-element elementor-element-a8e7b9b elementor-section-full_width elementor-section-content-middle elementor-section-height-default elementor-section-height-default\" data-id=\"a8e7b9b\" data-element_type=\"section\">\n\t\t\t\t\t\t<div class=\"elementor-container elementor-column-gap-default\">\n\t\t\t\t\t<div class=\"elementor-column elementor-col-50 elementor-top-column elementor-element elementor-element-0e80b9b\" data-id=\"0e80b9b\" data-element_type=\"column\">\n\t\t\t<div class=\"elementor-widget-wrap elementor-element-populated\">\n\t\t\t\t\t\t\t\t<div class=\"elementor-element elementor-element-0602fa8 elementor-widget elementor-widget-text-editor\" data-id=\"0602fa8\" data-element_type=\"widget\" data-widget_type=\"text-editor.default\">\n\t\t\t\t<div class=\"elementor-widget-container\">\n\t\t\t<style>\/*! elementor - v3.7.7 - 20-09-2022 *\/\n.elementor-widget-text-editor.elementor-drop-cap-view-stacked .elementor-drop-cap{background-color:#818a91;color:#fff}.elementor-widget-text-editor.elementor-drop-cap-view-framed .elementor-drop-cap{color:#818a91;border:3px solid;background-color:transparent}.elementor-widget-text-editor:not(.elementor-drop-cap-view-default) .elementor-drop-cap{margin-top:8px}.elementor-widget-text-editor:not(.elementor-drop-cap-view-default) .elementor-drop-cap-letter{width:1em;height:1em}.elementor-widget-text-editor .elementor-drop-cap{float:left;text-align:center;line-height:1;font-size:50px}.elementor-widget-text-editor .elementor-drop-cap-letter{display:inline-block}<\/style>\t\t\t\t<p>Our high DA paid backlink service gives you the opportunity to increase your website's visibility and improve your search engine rankings. By securing high-quality links from reputable websites with high Domain Authority (DA), you can increase your website's authority and improve your chances of appearing at the top of search engine results. . Our team of experts will work with you to identify the best websites to place your links on, ensuring maximum impact for your online presence.<\/p>\t\t\t\t\t\t<\/div>\n\t\t\t\t<\/div>\n\t\t\t\t\t<\/div>\n\t\t<\/div>\n\t\t\t\t<div class=\"elementor-column elementor-col-50 elementor-top-column elementor-element elementor-element-0c861d2\" data-id=\"0c861d2\" data-element_type=\"column\">\n\t\t\t<div class=\"elementor-widget-wrap elementor-element-populated\">\n\t\t\t\t\t\t\t\t<div class=\"elementor-element elementor-element-d70ea60 elementor-widget elementor-widget-image\" data-id=\"d70ea60\" data-element_type=\"widget\" data-widget_type=\"image.default\">\n\t\t\t\t<div class=\"elementor-widget-container\">\n\t\t\t<style>\/*! elementor - v3.7.7 - 20-09-2022 *\/\n.elementor-widget-image{text-align:center}.elementor-widget-image a{display:inline-block}.elementor-widget-image a img[src$=\".svg\"]{width:48px}.elementor-widget-image img{vertical-align:middle;display:inline-block}<\/style>\t\t\t\t\t\t\t\t\t\t\t\t<img loading=\"lazy\" decoding=\"async\" width=\"500\" height=\"500\" src=\"https:\/\/online-synergy.ro\/wp-content\/uploads\/2023\/02\/linkback.png\" class=\"attachment-large size-large\" alt=\"\" srcset=\"https:\/\/online-synergy.ro\/wp-content\/uploads\/2023\/02\/linkback.png 500w, https:\/\/online-synergy.ro\/wp-content\/uploads\/2023\/02\/linkback-200x200.png 200w, https:\/\/online-synergy.ro\/wp-content\/uploads\/2023\/02\/linkback-40x40.png 40w, https:\/\/online-synergy.ro\/wp-content\/uploads\/2023\/02\/linkback-23x24.png 23w, https:\/\/online-synergy.ro\/wp-content\/uploads\/2023\/02\/linkback-45x45.png 45w, https:\/\/online-synergy.ro\/wp-content\/uploads\/2023\/02\/linkback-38x38.png 38w, https:\/\/online-synergy.ro\/wp-content\/uploads\/2023\/02\/linkback-300x300.png 300w, https:\/\/online-synergy.ro\/wp-content\/uploads\/2023\/02\/linkback-100x100.png 100w\" sizes=\"auto, (max-width: 500px) 100vw, 500px\" \/>\t\t\t\t\t\t\t\t\t\t\t\t\t\t\t<\/div>\n\t\t\t\t<\/div>\n\t\t\t\t\t<\/div>\n\t\t<\/div>\n\t\t\t\t\t\t\t<\/div>\n\t\t<\/section>\n\t\t\t\t<section class=\"elementor-section elementor-top-section elementor-element elementor-element-811151e elementor-section-full_width elementor-section-content-middle elementor-section-height-default elementor-section-height-default\" data-id=\"811151e\" data-element_type=\"section\">\n\t\t\t\t\t\t<div class=\"elementor-container elementor-column-gap-default\">\n\t\t\t\t\t<div class=\"elementor-column elementor-col-50 elementor-top-column elementor-element elementor-element-cd21028\" data-id=\"cd21028\" data-element_type=\"column\">\n\t\t\t<div class=\"elementor-widget-wrap elementor-element-populated\">\n\t\t\t\t\t\t\t\t<div class=\"elementor-element elementor-element-531ccb1 elementor-widget elementor-widget-image\" data-id=\"531ccb1\" data-element_type=\"widget\" data-widget_type=\"image.default\">\n\t\t\t\t<div class=\"elementor-widget-container\">\n\t\t\t\t\t\t\t\t\t\t\t\t\t\t\t<img loading=\"lazy\" decoding=\"async\" width=\"525\" height=\"476\" src=\"https:\/\/online-synergy.ro\/wp-content\/uploads\/2023\/02\/SEO_bg_img.png\" class=\"attachment-large size-large\" alt=\"\" \/>\t\t\t\t\t\t\t\t\t\t\t\t\t\t\t<\/div>\n\t\t\t\t<\/div>\n\t\t\t\t\t<\/div>\n\t\t<\/div>\n\t\t\t\t<div class=\"elementor-column elementor-col-50 elementor-top-column elementor-element elementor-element-6484c11\" data-id=\"6484c11\" data-element_type=\"column\">\n\t\t\t<div class=\"elementor-widget-wrap elementor-element-populated\">\n\t\t\t\t\t\t\t\t<div class=\"elementor-element elementor-element-efdb661 elementor-widget elementor-widget-text-editor\" data-id=\"efdb661\" data-element_type=\"widget\" data-widget_type=\"text-editor.default\">\n\t\t\t\t<div class=\"elementor-widget-container\">\n\t\t\t\t\t\t\t<h3>Why choose us?<\/h3><ul><li>Improve Search Engine Positioning: Secure high quality links from high DA websites to improve<\/li><li>High Domain Authority: Get links from reputable websites with high DA to increase your own website authority and credibility.<\/li><li>Targeted Outreach: Our team of experts will work with you to identify the best websites to place your links on, ensuring maximum impact.<\/li><li>Improved Online Presence: By securing high quality links, you can improve your website's online presence your website's online presence and attract more traffic.<\/li><li>Safe and reliable: Our backlink service follows best practices and is safe for your website, avoiding any risk of search engine penalties.<\/li><\/ul>\t\t\t\t\t\t<\/div>\n\t\t\t\t<\/div>\n\t\t\t\t\t<\/div>\n\t\t<\/div>\n\t\t\t\t\t\t\t<\/div>\n\t\t<\/section>\n\t\t\t\t<section class=\"elementor-section elementor-top-section elementor-element elementor-element-c09b2e0 elementor-section-full_width elementor-section-content-middle elementor-section-height-default elementor-section-height-default\" data-id=\"c09b2e0\" data-element_type=\"section\">\n\t\t\t\t\t\t<div class=\"elementor-container elementor-column-gap-default\">\n\t\t\t\t\t<div class=\"elementor-column elementor-col-66 elementor-top-column elementor-element elementor-element-2919f69\" data-id=\"2919f69\" data-element_type=\"column\">\n\t\t\t<div class=\"elementor-widget-wrap elementor-element-populated\">\n\t\t\t\t\t\t\t\t<div class=\"elementor-element elementor-element-5861f16 elementor-widget elementor-widget-heading\" data-id=\"5861f16\" data-element_type=\"widget\" data-widget_type=\"heading.default\">\n\t\t\t\t<div class=\"elementor-widget-container\">\n\t\t\t<h2 class=\"elementor-heading-title elementor-size-default\">Message us with your needs and we'll get back to you quickly with advice and an offer<\/h2>\t\t<\/div>\n\t\t\t\t<\/div>\n\t\t\t\t\t<\/div>\n\t\t<\/div>\n\t\t\t\t<div class=\"elementor-column elementor-col-33 elementor-top-column elementor-element elementor-element-5436c64\" data-id=\"5436c64\" data-element_type=\"column\">\n\t\t\t<div class=\"elementor-widget-wrap elementor-element-populated\">\n\t\t\t\t\t\t\t\t<div class=\"elementor-element elementor-element-0d4e080 elementor-align-center elementor-widget elementor-widget-button\" data-id=\"0d4e080\" data-element_type=\"widget\" data-widget_type=\"button.default\">\n\t\t\t\t<div class=\"elementor-widget-container\">\n\t\t\t\t\t<div class=\"elementor-button-wrapper\">\n\t\t\t<a href=\"https:\/\/online-synergy.ro\/en\/contact\/\" class=\"elementor-button-link elementor-button elementor-size-xl\" role=\"button\">\n\t\t\t\t\t\t<span class=\"elementor-button-content-wrapper\">\n\t\t\t\t\t\t<span class=\"elementor-button-text\">Send a message<\/span>\n\t\t<\/span>\n\t\t\t\t\t<\/a>\n\t\t<\/div>\n\t\t\t\t<\/div>\n\t\t\t\t<\/div>\n\t\t\t\t\t<\/div>\n\t\t<\/div>\n\t\t\t\t\t\t\t<\/div>\n\t\t<\/section>\n\t\t\t\t\t\t\t<\/div>","protected":false},"excerpt":{"rendered":"<p>Link-uri pl\u0103tite cu DA mare Serviciul nostru de backlink pl\u0103tit cu DA ridicat v\u0103 ofer\u0103 posibilitatea de a spori vizibilitatea site-ului dvs. \u0219i s\u0103 v\u0103 \u00eembun\u0103t\u0103\u021bi\u021bi clasamentul \u00een motoarele de c\u0103utare. Prin asigurarea unor link-uri de \u00eenalt\u0103 calitate de la site-uri web de renume cu autoritate de domeniu (DA) ridicat\u0103, pute\u021bi cre\u0219te autoritatea site-ului dvs. [&hellip;]<\/p>","protected":false},"author":1,"featured_media":0,"parent":1034,"menu_order":0,"comment_status":"closed","ping_status":"closed","template":"","meta":{"footnotes":""},"class_list":["post-5232","page","type-page","status-publish","hentry"],"_links":{"self":[{"href":"https:\/\/online-synergy.ro\/en\/wp-json\/wp\/v2\/pages\/5232","targetHints":{"allow":["GET"]}}],"collection":[{"href":"https:\/\/online-synergy.ro\/en\/wp-json\/wp\/v2\/pages"}],"about":[{"href":"https:\/\/online-synergy.ro\/en\/wp-json\/wp\/v2\/types\/page"}],"author":[{"embeddable":true,"href":"https:\/\/online-synergy.ro\/en\/wp-json\/wp\/v2\/users\/1"}],"replies":[{"embeddable":true,"href":"https:\/\/online-synergy.ro\/en\/wp-json\/wp\/v2\/comments?post=5232"}],"version-history":[{"count":73,"href":"https:\/\/online-synergy.ro\/en\/wp-json\/wp\/v2\/pages\/5232\/revisions"}],"predecessor-version":[{"id":5745,"href":"https:\/\/online-synergy.ro\/en\/wp-json\/wp\/v2\/pages\/5232\/revisions\/5745"}],"up":[{"embeddable":true,"href":"https:\/\/online-synergy.ro\/en\/wp-json\/wp\/v2\/pages\/1034"}],"wp:attachment":[{"href":"https:\/\/online-synergy.ro\/en\/wp-json\/wp\/v2\/media?parent=5232"}],"curies":[{"name":"wp","href":"https:\/\/api.w.org\/{rel}","templated":true}]}}