{"id":5301,"date":"2022-10-17T12:49:43","date_gmt":"2022-10-17T12:49:43","guid":{"rendered":"https:\/\/online-synergy.ro\/?page_id=5301"},"modified":"2023-02-13T22:14:10","modified_gmt":"2023-02-13T22:14:10","slug":"publicitate-platita","status":"publish","type":"page","link":"https:\/\/online-synergy.ro\/en\/servicii\/publicitate-platita\/","title":{"rendered":"Paid advertising"},"content":{"rendered":"<div data-elementor-type=\"wp-page\" data-elementor-id=\"5301\" class=\"elementor elementor-5301\">\n\t\t\t\t\t\t\t\t\t<section class=\"elementor-section elementor-top-section elementor-element elementor-element-17e210b elementor-section-boxed elementor-section-height-default elementor-section-height-default\" data-id=\"17e210b\" data-element_type=\"section\">\n\t\t\t\t\t\t<div class=\"elementor-container elementor-column-gap-default\">\n\t\t\t\t\t<div class=\"elementor-column elementor-col-100 elementor-top-column elementor-element elementor-element-907659b\" data-id=\"907659b\" data-element_type=\"column\">\n\t\t\t<div class=\"elementor-widget-wrap elementor-element-populated\">\n\t\t\t\t\t\t\t\t<div class=\"elementor-element elementor-element-b3fb408 elementor-widget__width-inherit elementor-widget elementor-widget-heading\" data-id=\"b3fb408\" data-element_type=\"widget\" data-widget_type=\"heading.default\">\n\t\t\t\t<div class=\"elementor-widget-container\">\n\t\t\t<style>\/*! elementor - v3.7.7 - 20-09-2022 *\/\n.elementor-heading-title{padding:0;margin:0;line-height:1}.elementor-widget-heading .elementor-heading-title[class*=elementor-size-]>a{color:inherit;font-size:inherit;line-height:inherit}.elementor-widget-heading .elementor-heading-title.elementor-size-small{font-size:15px}.elementor-widget-heading .elementor-heading-title.elementor-size-medium{font-size:19px}.elementor-widget-heading .elementor-heading-title.elementor-size-large{font-size:29px}.elementor-widget-heading .elementor-heading-title.elementor-size-xl{font-size:39px}.elementor-widget-heading .elementor-heading-title.elementor-size-xxl{font-size:59px}<\/style><h1 class=\"elementor-heading-title elementor-size-default\">Paid advertising<\/h1>\t\t<\/div>\n\t\t\t\t<\/div>\n\t\t\t\t\t<\/div>\n\t\t<\/div>\n\t\t\t\t\t\t\t<\/div>\n\t\t<\/section>\n\t\t\t\t<section class=\"elementor-section elementor-top-section elementor-element elementor-element-eed393e elementor-section-boxed elementor-section-height-default elementor-section-height-default\" data-id=\"eed393e\" data-element_type=\"section\">\n\t\t\t\t\t\t<div class=\"elementor-container elementor-column-gap-default\">\n\t\t\t\t\t<div class=\"elementor-column elementor-col-100 elementor-top-column elementor-element elementor-element-55f236c\" data-id=\"55f236c\" data-element_type=\"column\">\n\t\t\t<div class=\"elementor-widget-wrap elementor-element-populated\">\n\t\t\t\t\t\t\t\t<div class=\"elementor-element elementor-element-14e6d60 elementor-widget elementor-widget-text-editor\" data-id=\"14e6d60\" data-element_type=\"widget\" data-widget_type=\"text-editor.default\">\n\t\t\t\t<div class=\"elementor-widget-container\">\n\t\t\t<style>\/*! elementor - v3.7.7 - 20-09-2022 *\/\n.elementor-widget-text-editor.elementor-drop-cap-view-stacked .elementor-drop-cap{background-color:#818a91;color:#fff}.elementor-widget-text-editor.elementor-drop-cap-view-framed .elementor-drop-cap{color:#818a91;border:3px solid;background-color:transparent}.elementor-widget-text-editor:not(.elementor-drop-cap-view-default) .elementor-drop-cap{margin-top:8px}.elementor-widget-text-editor:not(.elementor-drop-cap-view-default) .elementor-drop-cap-letter{width:1em;height:1em}.elementor-widget-text-editor .elementor-drop-cap{float:left;text-align:center;line-height:1;font-size:50px}.elementor-widget-text-editor .elementor-drop-cap-letter{display:inline-block}<\/style>\t\t\t\t<div class=\"et_pb_section et_pb_section_0 hero-section-servicii et_pb_with_background et_section_regular\"><div id=\"about-hero-bottom-row\" class=\"et_pb_row et_pb_row_0 hero-bottom-row-whp\"><div class=\"et_pb_column et_pb_column_1_3 et_pb_column_0  et_pb_css_mix_blend_mode_passthrough\"><div class=\"et_pb_module et_pb_text et_pb_text_0 hero-bottom-col-left et_pb_text_align_left et_pb_bg_layout_light et_had_animation\"><div class=\"et_pb_text_inner\"><p>Focus on results. Online marketing at its best.<\/p><\/div><\/div><\/div><\/div><\/div>\t\t\t\t\t\t<\/div>\n\t\t\t\t<\/div>\n\t\t\t\t\t<\/div>\n\t\t<\/div>\n\t\t\t\t\t\t\t<\/div>\n\t\t<\/section>\n\t\t\t\t<section class=\"elementor-section elementor-top-section elementor-element elementor-element-66aeca3 elementor-section-full_width elementor-section-height-default elementor-section-height-default\" data-id=\"66aeca3\" data-element_type=\"section\">\n\t\t\t\t\t\t<div class=\"elementor-container elementor-column-gap-default\">\n\t\t\t\t\t<div class=\"elementor-column elementor-col-50 elementor-top-column elementor-element elementor-element-86d0291\" data-id=\"86d0291\" data-element_type=\"column\">\n\t\t\t<div class=\"elementor-widget-wrap elementor-element-populated\">\n\t\t\t\t\t\t\t\t<div class=\"elementor-element elementor-element-901a5d4 elementor-widget elementor-widget-image\" data-id=\"901a5d4\" data-element_type=\"widget\" data-widget_type=\"image.default\">\n\t\t\t\t<div class=\"elementor-widget-container\">\n\t\t\t<style>\/*! elementor - v3.7.7 - 20-09-2022 *\/\n.elementor-widget-image{text-align:center}.elementor-widget-image a{display:inline-block}.elementor-widget-image a img[src$=\".svg\"]{width:48px}.elementor-widget-image img{vertical-align:middle;display:inline-block}<\/style>\t\t\t\t\t\t\t\t\t\t\t\t<img loading=\"lazy\" decoding=\"async\" width=\"128\" height=\"128\" src=\"https:\/\/online-synergy.ro\/wp-content\/uploads\/2022\/12\/adwords.png\" class=\"attachment-full size-full\" alt=\"\" srcset=\"https:\/\/online-synergy.ro\/wp-content\/uploads\/2022\/12\/adwords.png 128w, https:\/\/online-synergy.ro\/wp-content\/uploads\/2022\/12\/adwords-40x40.png 40w, https:\/\/online-synergy.ro\/wp-content\/uploads\/2022\/12\/adwords-23x24.png 23w, https:\/\/online-synergy.ro\/wp-content\/uploads\/2022\/12\/adwords-45x45.png 45w, https:\/\/online-synergy.ro\/wp-content\/uploads\/2022\/12\/adwords-38x38.png 38w, https:\/\/online-synergy.ro\/wp-content\/uploads\/2022\/12\/adwords-100x100.png 100w\" sizes=\"auto, (max-width: 128px) 100vw, 128px\" \/>\t\t\t\t\t\t\t\t\t\t\t\t\t\t\t<\/div>\n\t\t\t\t<\/div>\n\t\t\t\t<div class=\"elementor-element elementor-element-503f417 elementor-widget elementor-widget-heading\" data-id=\"503f417\" data-element_type=\"widget\" data-widget_type=\"heading.default\">\n\t\t\t\t<div class=\"elementor-widget-container\">\n\t\t\t<h3 class=\"elementor-heading-title elementor-size-default\">Right on target<\/h3>\t\t<\/div>\n\t\t\t\t<\/div>\n\t\t\t\t<div class=\"elementor-element elementor-element-90a1b82 elementor-widget elementor-widget-text-editor\" data-id=\"90a1b82\" data-element_type=\"widget\" data-widget_type=\"text-editor.default\">\n\t\t\t\t<div class=\"elementor-widget-container\">\n\t\t\t\t\t\t\t<p>Google Ads promotion on Search, Display Network, Remarketing, we put them to work within the budget set by you, for concrete results. We reach your customers through creative targeting methods, for mobile, desktop or tablet.<\/p>\t\t\t\t\t\t<\/div>\n\t\t\t\t<\/div>\n\t\t\t\t\t<\/div>\n\t\t<\/div>\n\t\t\t\t<div class=\"elementor-column elementor-col-50 elementor-top-column elementor-element elementor-element-d4dcf5e\" data-id=\"d4dcf5e\" data-element_type=\"column\">\n\t\t\t<div class=\"elementor-widget-wrap elementor-element-populated\">\n\t\t\t\t\t\t\t\t<div class=\"elementor-element elementor-element-1e1d2c1 elementor-widget elementor-widget-image\" data-id=\"1e1d2c1\" data-element_type=\"widget\" data-widget_type=\"image.default\">\n\t\t\t\t<div class=\"elementor-widget-container\">\n\t\t\t\t\t\t\t\t\t\t\t\t\t\t\t<img loading=\"lazy\" decoding=\"async\" width=\"128\" height=\"128\" src=\"https:\/\/online-synergy.ro\/wp-content\/uploads\/2022\/12\/idea.png\" class=\"attachment-full size-full\" alt=\"\" srcset=\"https:\/\/online-synergy.ro\/wp-content\/uploads\/2022\/12\/idea.png 128w, https:\/\/online-synergy.ro\/wp-content\/uploads\/2022\/12\/idea-40x40.png 40w, https:\/\/online-synergy.ro\/wp-content\/uploads\/2022\/12\/idea-23x24.png 23w, https:\/\/online-synergy.ro\/wp-content\/uploads\/2022\/12\/idea-45x45.png 45w, https:\/\/online-synergy.ro\/wp-content\/uploads\/2022\/12\/idea-38x38.png 38w, https:\/\/online-synergy.ro\/wp-content\/uploads\/2022\/12\/idea-100x100.png 100w\" sizes=\"auto, (max-width: 128px) 100vw, 128px\" \/>\t\t\t\t\t\t\t\t\t\t\t\t\t\t\t<\/div>\n\t\t\t\t<\/div>\n\t\t\t\t<div class=\"elementor-element elementor-element-8d79e6b elementor-widget elementor-widget-heading\" data-id=\"8d79e6b\" data-element_type=\"widget\" data-widget_type=\"heading.default\">\n\t\t\t\t<div class=\"elementor-widget-container\">\n\t\t\t<h3 class=\"elementor-heading-title elementor-size-default\">Be relevant<\/h3>\t\t<\/div>\n\t\t\t\t<\/div>\n\t\t\t\t<div class=\"elementor-element elementor-element-7f623aa elementor-widget elementor-widget-text-editor\" data-id=\"7f623aa\" data-element_type=\"widget\" data-widget_type=\"text-editor.default\">\n\t\t\t\t<div class=\"elementor-widget-container\">\n\t\t\t\t\t\t\t<p>Stay in the minds of customers even after they've come into contact with your website or ads. We create smart remarketing strategies with relevant messages that drive conversions.<\/p>\t\t\t\t\t\t<\/div>\n\t\t\t\t<\/div>\n\t\t\t\t\t<\/div>\n\t\t<\/div>\n\t\t\t\t\t\t\t<\/div>\n\t\t<\/section>\n\t\t\t\t<section class=\"elementor-section elementor-top-section elementor-element elementor-element-1ce4f9e elementor-section-full_width elementor-section-height-default elementor-section-height-default\" data-id=\"1ce4f9e\" data-element_type=\"section\">\n\t\t\t\t\t\t<div class=\"elementor-container elementor-column-gap-default\">\n\t\t\t\t\t<div class=\"elementor-column elementor-col-50 elementor-top-column elementor-element elementor-element-0da1c4a\" data-id=\"0da1c4a\" data-element_type=\"column\">\n\t\t\t<div class=\"elementor-widget-wrap elementor-element-populated\">\n\t\t\t\t\t\t\t\t<div class=\"elementor-element elementor-element-fdbb192 elementor-widget elementor-widget-image\" data-id=\"fdbb192\" data-element_type=\"widget\" data-widget_type=\"image.default\">\n\t\t\t\t<div class=\"elementor-widget-container\">\n\t\t\t\t\t\t\t\t\t\t\t\t\t\t\t<img loading=\"lazy\" decoding=\"async\" width=\"128\" height=\"128\" src=\"https:\/\/online-synergy.ro\/wp-content\/uploads\/2022\/12\/youtube.png\" class=\"attachment-full size-full\" alt=\"\" srcset=\"https:\/\/online-synergy.ro\/wp-content\/uploads\/2022\/12\/youtube.png 128w, https:\/\/online-synergy.ro\/wp-content\/uploads\/2022\/12\/youtube-40x40.png 40w, https:\/\/online-synergy.ro\/wp-content\/uploads\/2022\/12\/youtube-23x24.png 23w, https:\/\/online-synergy.ro\/wp-content\/uploads\/2022\/12\/youtube-45x45.png 45w, https:\/\/online-synergy.ro\/wp-content\/uploads\/2022\/12\/youtube-38x38.png 38w, https:\/\/online-synergy.ro\/wp-content\/uploads\/2022\/12\/youtube-100x100.png 100w\" sizes=\"auto, (max-width: 128px) 100vw, 128px\" \/>\t\t\t\t\t\t\t\t\t\t\t\t\t\t\t<\/div>\n\t\t\t\t<\/div>\n\t\t\t\t<div class=\"elementor-element elementor-element-6c4628f elementor-widget elementor-widget-heading\" data-id=\"6c4628f\" data-element_type=\"widget\" data-widget_type=\"heading.default\">\n\t\t\t\t<div class=\"elementor-widget-container\">\n\t\t\t<h3 class=\"elementor-heading-title elementor-size-default\">Convince with video<\/h3>\t\t<\/div>\n\t\t\t\t<\/div>\n\t\t\t\t<div class=\"elementor-element elementor-element-b1631ba elementor-widget elementor-widget-text-editor\" data-id=\"b1631ba\" data-element_type=\"widget\" data-widget_type=\"text-editor.default\">\n\t\t\t\t<div class=\"elementor-widget-container\">\n\t\t\t\t\t\t\t<p>Do you want ads on TV? Use video ads more effectively, directly to your audience, at a much lower cost, by promoting on YouTube. Millions of users are waiting for you there, and we have the experience of captivating relevant audiences for you.<\/p>\t\t\t\t\t\t<\/div>\n\t\t\t\t<\/div>\n\t\t\t\t\t<\/div>\n\t\t<\/div>\n\t\t\t\t<div class=\"elementor-column elementor-col-50 elementor-top-column elementor-element elementor-element-2e2edde\" data-id=\"2e2edde\" data-element_type=\"column\">\n\t\t\t<div class=\"elementor-widget-wrap elementor-element-populated\">\n\t\t\t\t\t\t\t\t<div class=\"elementor-element elementor-element-9180055 elementor-widget elementor-widget-image\" data-id=\"9180055\" data-element_type=\"widget\" data-widget_type=\"image.default\">\n\t\t\t\t<div class=\"elementor-widget-container\">\n\t\t\t\t\t\t\t\t\t\t\t\t\t\t\t<img loading=\"lazy\" decoding=\"async\" width=\"128\" height=\"128\" src=\"https:\/\/online-synergy.ro\/wp-content\/uploads\/2022\/12\/facebook.png\" class=\"attachment-full size-full\" alt=\"\" srcset=\"https:\/\/online-synergy.ro\/wp-content\/uploads\/2022\/12\/facebook.png 128w, https:\/\/online-synergy.ro\/wp-content\/uploads\/2022\/12\/facebook-40x40.png 40w, https:\/\/online-synergy.ro\/wp-content\/uploads\/2022\/12\/facebook-23x24.png 23w, https:\/\/online-synergy.ro\/wp-content\/uploads\/2022\/12\/facebook-45x45.png 45w, https:\/\/online-synergy.ro\/wp-content\/uploads\/2022\/12\/facebook-38x38.png 38w, https:\/\/online-synergy.ro\/wp-content\/uploads\/2022\/12\/facebook-100x100.png 100w\" sizes=\"auto, (max-width: 128px) 100vw, 128px\" \/>\t\t\t\t\t\t\t\t\t\t\t\t\t\t\t<\/div>\n\t\t\t\t<\/div>\n\t\t\t\t<div class=\"elementor-element elementor-element-7365afd elementor-widget elementor-widget-heading\" data-id=\"7365afd\" data-element_type=\"widget\" data-widget_type=\"heading.default\">\n\t\t\t\t<div class=\"elementor-widget-container\">\n\t\t\t<h3 class=\"elementor-heading-title elementor-size-default\">Top in network no. 1<\/h3>\t\t<\/div>\n\t\t\t\t<\/div>\n\t\t\t\t<div class=\"elementor-element elementor-element-1dad6e8 elementor-widget elementor-widget-text-editor\" data-id=\"1dad6e8\" data-element_type=\"widget\" data-widget_type=\"text-editor.default\">\n\t\t\t\t<div class=\"elementor-widget-container\">\n\t\t\t\t\t\t\t<p>Facebook is the most popular social network, your customers are here. We help you reach them and conquer them through complex, well-defined segmentations, without wasting investment.<\/p>\t\t\t\t\t\t<\/div>\n\t\t\t\t<\/div>\n\t\t\t\t\t<\/div>\n\t\t<\/div>\n\t\t\t\t\t\t\t<\/div>\n\t\t<\/section>\n\t\t\t\t<section class=\"elementor-section elementor-top-section elementor-element elementor-element-3da2e7e elementor-section-full_width elementor-section-height-default elementor-section-height-default\" data-id=\"3da2e7e\" data-element_type=\"section\">\n\t\t\t\t\t\t<div class=\"elementor-container elementor-column-gap-default\">\n\t\t\t\t\t<div class=\"elementor-column elementor-col-50 elementor-top-column elementor-element elementor-element-0b4fc9c\" data-id=\"0b4fc9c\" data-element_type=\"column\">\n\t\t\t<div class=\"elementor-widget-wrap elementor-element-populated\">\n\t\t\t\t\t\t\t\t<div class=\"elementor-element elementor-element-69e0633 elementor-widget elementor-widget-image\" data-id=\"69e0633\" data-element_type=\"widget\" data-widget_type=\"image.default\">\n\t\t\t\t<div class=\"elementor-widget-container\">\n\t\t\t\t\t\t\t\t\t\t\t\t\t\t\t<img loading=\"lazy\" decoding=\"async\" width=\"128\" height=\"128\" src=\"https:\/\/online-synergy.ro\/wp-content\/uploads\/2022\/12\/linkedin.png\" class=\"attachment-full size-full\" alt=\"\" srcset=\"https:\/\/online-synergy.ro\/wp-content\/uploads\/2022\/12\/linkedin.png 128w, https:\/\/online-synergy.ro\/wp-content\/uploads\/2022\/12\/linkedin-40x40.png 40w, https:\/\/online-synergy.ro\/wp-content\/uploads\/2022\/12\/linkedin-23x24.png 23w, https:\/\/online-synergy.ro\/wp-content\/uploads\/2022\/12\/linkedin-45x45.png 45w, https:\/\/online-synergy.ro\/wp-content\/uploads\/2022\/12\/linkedin-38x38.png 38w, https:\/\/online-synergy.ro\/wp-content\/uploads\/2022\/12\/linkedin-100x100.png 100w\" sizes=\"auto, (max-width: 128px) 100vw, 128px\" \/>\t\t\t\t\t\t\t\t\t\t\t\t\t\t\t<\/div>\n\t\t\t\t<\/div>\n\t\t\t\t<div class=\"elementor-element elementor-element-8f48ed7 elementor-widget elementor-widget-heading\" data-id=\"8f48ed7\" data-element_type=\"widget\" data-widget_type=\"heading.default\">\n\t\t\t\t<div class=\"elementor-widget-container\">\n\t\t\t<h3 class=\"elementor-heading-title elementor-size-default\">Straight to the top<\/h3>\t\t<\/div>\n\t\t\t\t<\/div>\n\t\t\t\t<div class=\"elementor-element elementor-element-101cdd2 elementor-widget elementor-widget-text-editor\" data-id=\"101cdd2\" data-element_type=\"widget\" data-widget_type=\"text-editor.default\">\n\t\t\t\t<div class=\"elementor-widget-container\">\n\t\t\t\t\t\t\t<p>By promoting on LinkedIn, you have the opportunity to attract the attention of the business audience, with effective budget control. And we know how you can get to it.<\/p>\t\t\t\t\t\t<\/div>\n\t\t\t\t<\/div>\n\t\t\t\t\t<\/div>\n\t\t<\/div>\n\t\t\t\t<div class=\"elementor-column elementor-col-50 elementor-top-column elementor-element elementor-element-d1953a9\" data-id=\"d1953a9\" data-element_type=\"column\">\n\t\t\t<div class=\"elementor-widget-wrap elementor-element-populated\">\n\t\t\t\t\t\t\t\t<div class=\"elementor-element elementor-element-7f80c82 elementor-widget elementor-widget-image\" data-id=\"7f80c82\" data-element_type=\"widget\" data-widget_type=\"image.default\">\n\t\t\t\t<div class=\"elementor-widget-container\">\n\t\t\t\t\t\t\t\t\t\t\t\t\t\t\t<img loading=\"lazy\" decoding=\"async\" width=\"128\" height=\"128\" src=\"https:\/\/online-synergy.ro\/wp-content\/uploads\/2022\/12\/instagram.png\" class=\"attachment-full size-full\" alt=\"\" srcset=\"https:\/\/online-synergy.ro\/wp-content\/uploads\/2022\/12\/instagram.png 128w, https:\/\/online-synergy.ro\/wp-content\/uploads\/2022\/12\/instagram-40x40.png 40w, https:\/\/online-synergy.ro\/wp-content\/uploads\/2022\/12\/instagram-23x24.png 23w, https:\/\/online-synergy.ro\/wp-content\/uploads\/2022\/12\/instagram-45x45.png 45w, https:\/\/online-synergy.ro\/wp-content\/uploads\/2022\/12\/instagram-38x38.png 38w, https:\/\/online-synergy.ro\/wp-content\/uploads\/2022\/12\/instagram-100x100.png 100w\" sizes=\"auto, (max-width: 128px) 100vw, 128px\" \/>\t\t\t\t\t\t\t\t\t\t\t\t\t\t\t<\/div>\n\t\t\t\t<\/div>\n\t\t\t\t<div class=\"elementor-element elementor-element-07dbcf8 elementor-widget elementor-widget-heading\" data-id=\"07dbcf8\" data-element_type=\"widget\" data-widget_type=\"heading.default\">\n\t\t\t\t<div class=\"elementor-widget-container\">\n\t\t\t<h3 class=\"elementor-heading-title elementor-size-default\">Visually superlative<\/h3>\t\t<\/div>\n\t\t\t\t<\/div>\n\t\t\t\t<div class=\"elementor-element elementor-element-160de78 elementor-widget elementor-widget-text-editor\" data-id=\"160de78\" data-element_type=\"widget\" data-widget_type=\"text-editor.default\">\n\t\t\t\t<div class=\"elementor-widget-container\">\n\t\t\t\t\t\t\t<p>Facebook is the most popular social network, your customers are here. We help you reach them and conquer them through complex, well-defined segmentations, without wasting investment.<\/p>\t\t\t\t\t\t<\/div>\n\t\t\t\t<\/div>\n\t\t\t\t\t<\/div>\n\t\t<\/div>\n\t\t\t\t\t\t\t<\/div>\n\t\t<\/section>\n\t\t\t\t<section class=\"elementor-section elementor-top-section elementor-element elementor-element-b29176a elementor-section-full_width elementor-section-height-default elementor-section-height-default\" data-id=\"b29176a\" data-element_type=\"section\">\n\t\t\t\t\t\t<div class=\"elementor-container elementor-column-gap-default\">\n\t\t\t\t\t<div class=\"elementor-column elementor-col-33 elementor-top-column elementor-element elementor-element-49b9d21\" data-id=\"49b9d21\" data-element_type=\"column\">\n\t\t\t<div class=\"elementor-widget-wrap\">\n\t\t\t\t\t\t\t\t\t<\/div>\n\t\t<\/div>\n\t\t\t\t<div class=\"elementor-column elementor-col-33 elementor-top-column elementor-element elementor-element-4cc4dda\" data-id=\"4cc4dda\" data-element_type=\"column\">\n\t\t\t<div class=\"elementor-widget-wrap elementor-element-populated\">\n\t\t\t\t\t\t\t\t<div class=\"elementor-element elementor-element-bd45910 elementor-widget elementor-widget-image\" data-id=\"bd45910\" data-element_type=\"widget\" data-widget_type=\"image.default\">\n\t\t\t\t<div class=\"elementor-widget-container\">\n\t\t\t\t\t\t\t\t\t\t\t\t\t\t\t<img loading=\"lazy\" decoding=\"async\" width=\"128\" height=\"128\" src=\"https:\/\/online-synergy.ro\/wp-content\/uploads\/2022\/12\/booking.png\" class=\"attachment-full size-full\" alt=\"\" srcset=\"https:\/\/online-synergy.ro\/wp-content\/uploads\/2022\/12\/booking.png 128w, https:\/\/online-synergy.ro\/wp-content\/uploads\/2022\/12\/booking-40x40.png 40w, https:\/\/online-synergy.ro\/wp-content\/uploads\/2022\/12\/booking-23x24.png 23w, https:\/\/online-synergy.ro\/wp-content\/uploads\/2022\/12\/booking-45x45.png 45w, https:\/\/online-synergy.ro\/wp-content\/uploads\/2022\/12\/booking-38x38.png 38w, https:\/\/online-synergy.ro\/wp-content\/uploads\/2022\/12\/booking-100x100.png 100w\" sizes=\"auto, (max-width: 128px) 100vw, 128px\" \/>\t\t\t\t\t\t\t\t\t\t\t\t\t\t\t<\/div>\n\t\t\t\t<\/div>\n\t\t\t\t<div class=\"elementor-element elementor-element-8e49cae elementor-widget elementor-widget-heading\" data-id=\"8e49cae\" data-element_type=\"widget\" data-widget_type=\"heading.default\">\n\t\t\t\t<div class=\"elementor-widget-container\">\n\t\t\t<h3 class=\"elementor-heading-title elementor-size-default\">Connected to the consumer<\/h3>\t\t<\/div>\n\t\t\t\t<\/div>\n\t\t\t\t<div class=\"elementor-element elementor-element-f8ea087 elementor-widget elementor-widget-text-editor\" data-id=\"f8ea087\" data-element_type=\"widget\" data-widget_type=\"text-editor.default\">\n\t\t\t\t<div class=\"elementor-widget-container\">\n\t\t\t\t\t\t\t<p>Mobile has become the most personal device for today's consumers. We are with you to create a constant connection with them, optimize campaigns and attract interaction.<\/p>\t\t\t\t\t\t<\/div>\n\t\t\t\t<\/div>\n\t\t\t\t\t<\/div>\n\t\t<\/div>\n\t\t\t\t<div class=\"elementor-column elementor-col-33 elementor-top-column elementor-element elementor-element-2e63e6b\" data-id=\"2e63e6b\" data-element_type=\"column\">\n\t\t\t<div class=\"elementor-widget-wrap\">\n\t\t\t\t\t\t\t\t\t<\/div>\n\t\t<\/div>\n\t\t\t\t\t\t\t<\/div>\n\t\t<\/section>\n\t\t\t\t<section class=\"elementor-section elementor-top-section elementor-element elementor-element-a9643bc elementor-section-full_width elementor-section-content-middle elementor-section-height-default elementor-section-height-default\" data-id=\"a9643bc\" data-element_type=\"section\">\n\t\t\t\t\t\t<div class=\"elementor-container elementor-column-gap-default\">\n\t\t\t\t\t<div class=\"elementor-column elementor-col-66 elementor-top-column elementor-element elementor-element-befe621\" data-id=\"befe621\" data-element_type=\"column\">\n\t\t\t<div class=\"elementor-widget-wrap elementor-element-populated\">\n\t\t\t\t\t\t\t\t<div class=\"elementor-element elementor-element-2f45407 elementor-widget elementor-widget-heading\" data-id=\"2f45407\" data-element_type=\"widget\" data-widget_type=\"heading.default\">\n\t\t\t\t<div class=\"elementor-widget-container\">\n\t\t\t<h2 class=\"elementor-heading-title elementor-size-default\">Message us with your needs and we'll get back to you quickly with advice and an offer<\/h2>\t\t<\/div>\n\t\t\t\t<\/div>\n\t\t\t\t\t<\/div>\n\t\t<\/div>\n\t\t\t\t<div class=\"elementor-column elementor-col-33 elementor-top-column elementor-element elementor-element-369eaf4\" data-id=\"369eaf4\" data-element_type=\"column\">\n\t\t\t<div class=\"elementor-widget-wrap elementor-element-populated\">\n\t\t\t\t\t\t\t\t<div class=\"elementor-element elementor-element-2eb8966 elementor-align-center elementor-widget elementor-widget-button\" data-id=\"2eb8966\" data-element_type=\"widget\" data-widget_type=\"button.default\">\n\t\t\t\t<div class=\"elementor-widget-container\">\n\t\t\t\t\t<div class=\"elementor-button-wrapper\">\n\t\t\t<a href=\"https:\/\/online-synergy.ro\/en\/contact\/\" class=\"elementor-button-link elementor-button elementor-size-xl\" role=\"button\">\n\t\t\t\t\t\t<span class=\"elementor-button-content-wrapper\">\n\t\t\t\t\t\t<span class=\"elementor-button-text\">Send a message<\/span>\n\t\t<\/span>\n\t\t\t\t\t<\/a>\n\t\t<\/div>\n\t\t\t\t<\/div>\n\t\t\t\t<\/div>\n\t\t\t\t\t<\/div>\n\t\t<\/div>\n\t\t\t\t\t\t\t<\/div>\n\t\t<\/section>\n\t\t\t\t\t\t\t<\/div>","protected":false},"excerpt":{"rendered":"<p>Publicitate platita Focus pe rezultate. Marketing online la \u00een\u0103l\u021bime. Fix la tinta Promovare Google Ads pe Search, Display Network, Remarketing, le punem la treab\u0103 \u00een bugetul stabilit de tine, pentru rezultate concrete. Ajungem fix la clien\u021bii t\u0103i prin modalit\u0103\u021bi de targetare creative, pentru mobil, desktop ori tablet\u0103. Fii relevant R\u0103m\u00e2i \u00een mintea clien\u021bilor \u0219i dup\u0103 [&hellip;]<\/p>","protected":false},"author":1,"featured_media":0,"parent":1034,"menu_order":0,"comment_status":"closed","ping_status":"closed","template":"","meta":{"footnotes":""},"class_list":["post-5301","page","type-page","status-publish","hentry"],"_links":{"self":[{"href":"https:\/\/online-synergy.ro\/en\/wp-json\/wp\/v2\/pages\/5301","targetHints":{"allow":["GET"]}}],"collection":[{"href":"https:\/\/online-synergy.ro\/en\/wp-json\/wp\/v2\/pages"}],"about":[{"href":"https:\/\/online-synergy.ro\/en\/wp-json\/wp\/v2\/types\/page"}],"author":[{"embeddable":true,"href":"https:\/\/online-synergy.ro\/en\/wp-json\/wp\/v2\/users\/1"}],"replies":[{"embeddable":true,"href":"https:\/\/online-synergy.ro\/en\/wp-json\/wp\/v2\/comments?post=5301"}],"version-history":[{"count":48,"href":"https:\/\/online-synergy.ro\/en\/wp-json\/wp\/v2\/pages\/5301\/revisions"}],"predecessor-version":[{"id":5757,"href":"https:\/\/online-synergy.ro\/en\/wp-json\/wp\/v2\/pages\/5301\/revisions\/5757"}],"up":[{"embeddable":true,"href":"https:\/\/online-synergy.ro\/en\/wp-json\/wp\/v2\/pages\/1034"}],"wp:attachment":[{"href":"https:\/\/online-synergy.ro\/en\/wp-json\/wp\/v2\/media?parent=5301"}],"curies":[{"name":"wp","href":"https:\/\/api.w.org\/{rel}","templated":true}]}}