{"id":5691,"date":"2023-02-10T07:48:37","date_gmt":"2023-02-10T07:48:37","guid":{"rendered":"https:\/\/online-synergy.ro\/?page_id=5691"},"modified":"2023-02-10T07:51:49","modified_gmt":"2023-02-10T07:51:49","slug":"termeni-si-conditii","status":"publish","type":"page","link":"https:\/\/online-synergy.ro\/en\/termeni-si-conditii\/","title":{"rendered":"Terms and conditions"},"content":{"rendered":"<div data-elementor-type=\"wp-page\" data-elementor-id=\"5691\" class=\"elementor elementor-5691\">\n\t\t\t\t\t\t\t\t\t<section class=\"elementor-section elementor-top-section elementor-element elementor-element-abcf5b5 elementor-section-full_width elementor-section-height-default elementor-section-height-default\" data-id=\"abcf5b5\" data-element_type=\"section\">\n\t\t\t\t\t\t<div class=\"elementor-container elementor-column-gap-default\">\n\t\t\t\t\t<div class=\"elementor-column elementor-col-100 elementor-top-column elementor-element elementor-element-5d9859c\" data-id=\"5d9859c\" data-element_type=\"column\">\n\t\t\t<div class=\"elementor-widget-wrap elementor-element-populated\">\n\t\t\t\t\t\t\t\t<div class=\"elementor-element elementor-element-afab10b elementor-widget elementor-widget-heading\" data-id=\"afab10b\" data-element_type=\"widget\" data-widget_type=\"heading.default\">\n\t\t\t\t<div class=\"elementor-widget-container\">\n\t\t\t<style>\/*! elementor - v3.7.7 - 20-09-2022 *\/\n.elementor-heading-title{padding:0;margin:0;line-height:1}.elementor-widget-heading .elementor-heading-title[class*=elementor-size-]>a{color:inherit;font-size:inherit;line-height:inherit}.elementor-widget-heading .elementor-heading-title.elementor-size-small{font-size:15px}.elementor-widget-heading .elementor-heading-title.elementor-size-medium{font-size:19px}.elementor-widget-heading .elementor-heading-title.elementor-size-large{font-size:29px}.elementor-widget-heading .elementor-heading-title.elementor-size-xl{font-size:39px}.elementor-widget-heading .elementor-heading-title.elementor-size-xxl{font-size:59px}<\/style><h1 class=\"elementor-heading-title elementor-size-default\">Paid backlinks with big DA<\/h1>\t\t<\/div>\n\t\t\t\t<\/div>\n\t\t\t\t\t<\/div>\n\t\t<\/div>\n\t\t\t\t\t\t\t<\/div>\n\t\t<\/section>\n\t\t\t\t<section class=\"elementor-section elementor-top-section elementor-element elementor-element-ba2f1c8 elementor-section-full_width elementor-section-height-default elementor-section-height-default\" data-id=\"ba2f1c8\" data-element_type=\"section\">\n\t\t\t\t\t\t<div class=\"elementor-container elementor-column-gap-default\">\n\t\t\t\t\t<div class=\"elementor-column elementor-col-100 elementor-top-column elementor-element elementor-element-6646597\" data-id=\"6646597\" data-element_type=\"column\">\n\t\t\t<div class=\"elementor-widget-wrap elementor-element-populated\">\n\t\t\t\t\t\t\t\t<div class=\"elementor-element elementor-element-f481e68 elementor-widget elementor-widget-text-editor\" data-id=\"f481e68\" data-element_type=\"widget\" data-widget_type=\"text-editor.default\">\n\t\t\t\t<div class=\"elementor-widget-container\">\n\t\t\t<style>\/*! elementor - v3.7.7 - 20-09-2022 *\/\n.elementor-widget-text-editor.elementor-drop-cap-view-stacked .elementor-drop-cap{background-color:#818a91;color:#fff}.elementor-widget-text-editor.elementor-drop-cap-view-framed .elementor-drop-cap{color:#818a91;border:3px solid;background-color:transparent}.elementor-widget-text-editor:not(.elementor-drop-cap-view-default) .elementor-drop-cap{margin-top:8px}.elementor-widget-text-editor:not(.elementor-drop-cap-view-default) .elementor-drop-cap-letter{width:1em;height:1em}.elementor-widget-text-editor .elementor-drop-cap{float:left;text-align:center;line-height:1;font-size:50px}.elementor-widget-text-editor .elementor-drop-cap-letter{display:inline-block}<\/style>\t\t\t\t<p><b>1. Introducere<\/b><\/p>\n<p>Bine a\u021bi venit pe site-ul web www.online-synergy.com (denumit \u00een continuare &#8222;site-ul web&#8221;). Site-ul este de\u021binut \u0219i operat de Online Synergy SRL, o societate rom\u00e2neasc\u0103 cu r\u0103spundere limitat\u0103 cu num\u0103rul de identificare 45677505, cu sediul social \u00een strada Mure\u0219ana nr. 9, Bucure\u0219ti, Rom\u00e2nia (denumit\u0103 \u00een continuare &#8222;Compania&#8221;). Urm\u0103torii termeni \u0219i condi\u021bii (&#8222;Termeni \u0219i Condi\u021bii&#8221;) reglementeaz\u0103 accesul \u0219i utilizarea de c\u0103tre dvs. a Site-ului \u0219i a serviciilor \u0219i produselor oferite prin intermediul acestuia. Prin accesarea \u0219i utilizarea Site-ului, sunte\u021bi de acord s\u0103 v\u0103 supune\u021bi acestor Termeni \u0219i Condi\u021bii.<\/p>\n<p><b>2. Modific\u0103ri ale termenilor \u0219i condi\u021biilor<\/b><\/p>\n<p>Compania \u00ee\u0219i rezerv\u0103 dreptul de a modifica ace\u0219ti Termeni \u0219i Condi\u021bii \u00een orice moment \u0219i la propria discre\u021bie. Modific\u0103rile vor intra \u00een vigoare imediat dup\u0103 postarea pe Website. Utilizarea \u00een continuare a Site-ului web dup\u0103 postarea modific\u0103rilor la ace\u0219ti Termeni \u0219i Condi\u021bii constituie acceptarea de c\u0103tre dumneavoastr\u0103 a acestor modific\u0103ri.<\/p>\n<p><b>3. Utilizarea site-ului web<\/b><\/p>\n<p>Site-ul web este destinat utilizatorilor care au \u00eemplinit v\u00e2rsta de 18 ani sau mai mult. Prin utilizarea Site-ului web, declara\u021bi \u0219i garanta\u021bi c\u0103 ave\u021bi 18 ani sau mai mult \u0219i c\u0103 ave\u021bi dreptul, autoritatea \u0219i capacitatea de a \u00eencheia ace\u0219ti Termeni \u0219i Condi\u021bii \u0219i de a respecta to\u021bi termenii \u0219i condi\u021biile stabilite \u00een prezentul document.<\/p>\n<p><b>4. Conduita utilizatorului<\/b><\/p>\n<p>Sunte\u021bi de acord s\u0103 nu utiliza\u021bi site-ul web \u00een scopuri ilegale \u0219i sunte\u021bi de acord s\u0103 \u00eel utiliza\u021bi \u00een conformitate cu toate legile \u0219i reglement\u0103rile aplicabile. De asemenea, sunte\u021bi de acord s\u0103 nu interveni\u021bi sau s\u0103 \u00eentrerupe\u021bi site-ul web sau serverele sau re\u021belele conectate la site-ul web, sau s\u0103 nu respecta\u021bi cerin\u021bele, procedurile, politicile sau reglement\u0103rile re\u021belelor conectate la site-ul web.<\/p>\n<p><b>5. Drepturi de proprietate<\/b><\/p>\n<p>Tot con\u021binutul de pe Site-ul web, inclusiv textul, grafica, logo-urile, imaginile \u0219i software-ul, este proprietatea Companiei sau a licen\u021biatorilor s\u0103i \u0219i este protejat de legile privind drepturile de autor, m\u0103rcile comerciale \u0219i alte legi privind proprietatea intelectual\u0103. Nu ave\u021bi voie s\u0103 modifica\u021bi, copia\u021bi, distribui\u021bi, transmite\u021bi, afi\u0219a\u021bi, executa\u021bi, reproduce\u021bi, publica\u021bi, licen\u021bia\u021bi, crea\u021bi lucr\u0103ri derivate din, transfera\u021bi sau vinde\u021bi orice informa\u021bii, software, produse sau servicii ob\u021binute de pe site-ul web f\u0103r\u0103 acordul prealabil scris al Companiei.<\/p>\n<p><b>6. Renun\u021barea la garan\u021bii<\/b><\/p>\n<p>Site-ul web \u0219i serviciile \u0219i produsele oferite prin intermediul site-ului web sunt furnizate &#8222;a\u0219a cum sunt&#8221; \u0219i &#8222;a\u0219a cum sunt disponibile&#8221;. Compania nu face nicio declara\u021bie sau garan\u021bie de niciun fel, expres\u0103 sau implicit\u0103, cu privire la func\u021bionarea Site-ului web sau la informa\u021biile, con\u021binutul, materialele sau produsele incluse pe Site-ul web. Compania nu garanteaz\u0103 c\u0103 site-ul web va fi ne\u00eentrerupt sau f\u0103r\u0103 erori \u0219i nu va fi r\u0103spunz\u0103toare pentru \u00eentreruperi sau erori.<\/p>\n<p><b>7. Limitarea r\u0103spunderii<\/b><\/p>\n<p>\u00cen niciun caz, Compania nu va fi r\u0103spunz\u0103toare pentru orice daune care rezult\u0103 din utilizarea sau incapacitatea de a utiliza site-ul web sau pentru orice alt\u0103 reclama\u021bie legat\u0103 \u00een vreun fel de utilizarea de c\u0103tre dvs. a site-ului web, inclusiv, dar f\u0103r\u0103 a se limita la, orice erori sau omisiuni \u00een orice con\u021binut sau orice pierdere sau daune de orice fel survenite ca urmare a utiliz\u0103rii oric\u0103rui con\u021binut postat, transmis sau pus la dispozi\u021bie \u00een alt mod prin intermediul site-ului web, chiar dac\u0103 a fost informat\u0103 de posibilitatea unor astfel de daune.<\/p>\n<p><b>8. Desp\u0103gubiri<\/b><\/p>\n<p>Sunte\u021bi de acord s\u0103 desp\u0103gubi\u021bi \u0219i s\u0103 exonera\u021bi Compania, afilia\u021bii s\u0103i \u0219i directorii, directorii, func\u021bionarii, angaja\u021bii, agen\u021bii \u0219i licen\u021biatorii respectivi de orice preten\u021bii, cereri, pierderi, responsabilit\u0103\u021bi, daune, costuri \u0219i cheltuieli, inclusiv onorariile avoca\u021bilor, care rezult\u0103 din sau sunt legate de utilizarea de c\u0103tre dvs. a site-ului web, de \u00eenc\u0103lcarea de c\u0103tre dvs. a acestor Termeni \u0219i condi\u021bii sau de \u00eenc\u0103lcarea de c\u0103tre dvs. a drepturilor altor persoane.<\/p>\n<p><b>9. Legea aplicabil\u0103<\/b><\/p>\n<p>Ace\u0219ti Termeni \u0219i Condi\u021bii vor fi guverna\u021bi \u0219i interpreta\u021bi \u00een conformitate cu legile din Rom\u00e2nia, f\u0103r\u0103 a da efect oric\u0103ror principii de conflict de legi. Orice litigiu care decurge din sau are leg\u0103tur\u0103 cu ace\u0219ti Termeni \u0219i Condi\u021bii va fi solu\u021bionat \u00een instan\u021bele rom\u00e2ne\u0219ti situate \u00een Bucure\u0219ti, Rom\u00e2nia.<\/p>\n<p><b>10. Diverse<\/b><\/p>\n<p>Ace\u0219ti Termeni \u0219i Condi\u021bii, \u00eempreun\u0103 cu Politica de Confiden\u021bialitate \u0219i orice alte anun\u021buri legale publicate de Companie pe Site, vor constitui \u00eentregul acord \u00eentre dumneavoastr\u0103 \u0219i Companie cu privire la utilizarea Site-ului. \u00cen cazul \u00een care orice prevedere a acestor Termeni \u0219i Condi\u021bii este considerat\u0103 invalid\u0103 de c\u0103tre o instan\u021b\u0103 de judecat\u0103 competent\u0103, invaliditatea acelei prevederi nu va afecta validitatea celorlalte prevederi ale acestor Termeni \u0219i Condi\u021bii, care vor r\u0103m\u00e2ne \u00een vigoare \u0219i cu efecte depline.<\/p>\n<p><b>11. Informa\u021bii de contact<\/b><\/p>\n<p>Dac\u0103 ave\u021bi \u00eentreb\u0103ri cu privire la ace\u0219ti Termeni \u0219i condi\u021bii, v\u0103 rug\u0103m s\u0103 contacta\u021bi Compania la [insera\u021bi informa\u021biile de contact].<\/p>\n<p><b>12. Acceptarea termenilor<\/b><\/p>\n<p>Prin utilizarea site-ului web, recunoa\u0219te\u021bi c\u0103 a\u021bi citit ace\u0219ti Termeni \u0219i condi\u021bii \u0219i c\u0103 sunte\u021bi de acord s\u0103 v\u0103 supune\u021bi acestora. Dac\u0103 nu sunte\u021bi de acord cu ace\u0219ti Termeni \u0219i condi\u021bii, v\u0103 rug\u0103m s\u0103 nu utiliza\u021bi site-ul web<\/p>\n<p><br><\/p>\t\t\t\t\t\t<\/div>\n\t\t\t\t<\/div>\n\t\t\t\t\t<\/div>\n\t\t<\/div>\n\t\t\t\t\t\t\t<\/div>\n\t\t<\/section>\n\t\t\t\t\t\t\t<\/div>","protected":false},"excerpt":{"rendered":"<p>Link-uri pl\u0103tite cu DA mare 1. Introducere Bine a\u021bi venit pe site-ul web www.online-synergy.com (denumit \u00een continuare &#8222;site-ul web&#8221;). Site-ul este de\u021binut \u0219i operat de Online Synergy SRL, o societate rom\u00e2neasc\u0103 cu r\u0103spundere limitat\u0103 cu num\u0103rul de identificare 45677505, cu sediul social \u00een strada Mure\u0219ana nr. 9, Bucure\u0219ti, Rom\u00e2nia (denumit\u0103 \u00een continuare &#8222;Compania&#8221;). Urm\u0103torii termeni [&hellip;]<\/p>","protected":false},"author":1,"featured_media":0,"parent":0,"menu_order":0,"comment_status":"closed","ping_status":"closed","template":"","meta":{"footnotes":""},"class_list":["post-5691","page","type-page","status-publish","hentry"],"_links":{"self":[{"href":"https:\/\/online-synergy.ro\/en\/wp-json\/wp\/v2\/pages\/5691","targetHints":{"allow":["GET"]}}],"collection":[{"href":"https:\/\/online-synergy.ro\/en\/wp-json\/wp\/v2\/pages"}],"about":[{"href":"https:\/\/online-synergy.ro\/en\/wp-json\/wp\/v2\/types\/page"}],"author":[{"embeddable":true,"href":"https:\/\/online-synergy.ro\/en\/wp-json\/wp\/v2\/users\/1"}],"replies":[{"embeddable":true,"href":"https:\/\/online-synergy.ro\/en\/wp-json\/wp\/v2\/comments?post=5691"}],"version-history":[{"count":8,"href":"https:\/\/online-synergy.ro\/en\/wp-json\/wp\/v2\/pages\/5691\/revisions"}],"predecessor-version":[{"id":5699,"href":"https:\/\/online-synergy.ro\/en\/wp-json\/wp\/v2\/pages\/5691\/revisions\/5699"}],"wp:attachment":[{"href":"https:\/\/online-synergy.ro\/en\/wp-json\/wp\/v2\/media?parent=5691"}],"curies":[{"name":"wp","href":"https:\/\/api.w.org\/{rel}","templated":true}]}}