{"id":794,"date":"2021-10-29T04:43:19","date_gmt":"2021-10-29T04:43:19","guid":{"rendered":"http:\/\/fastwpdemo.com\/newwp\/vcamp\/?page_id=794"},"modified":"2022-12-11T10:23:25","modified_gmt":"2022-12-11T10:23:25","slug":"despre-noi","status":"publish","type":"page","link":"https:\/\/online-synergy.ro\/en\/despre-noi\/","title":{"rendered":"About us"},"content":{"rendered":"<div data-elementor-type=\"wp-page\" data-elementor-id=\"794\" class=\"elementor elementor-794\">\n\t\t\t\t\t\t\t\t\t<section class=\"elementor-section elementor-top-section elementor-element elementor-element-d0e54b3 elementor-section-full_width elementor-section-height-default elementor-section-height-default\" data-id=\"d0e54b3\" data-element_type=\"section\">\n\t\t\t\t\t\t<div class=\"elementor-container elementor-column-gap-default\">\n\t\t\t\t\t<div class=\"elementor-column elementor-col-100 elementor-top-column elementor-element elementor-element-622b2ab\" data-id=\"622b2ab\" data-element_type=\"column\">\n\t\t\t<div class=\"elementor-widget-wrap elementor-element-populated\">\n\t\t\t\t\t\t\t\t<div class=\"elementor-element elementor-element-8d2ee3f elementor-widget elementor-widget-vcamp_visual_strategy\" data-id=\"8d2ee3f\" data-element_type=\"widget\" data-widget_type=\"vcamp_visual_strategy.default\">\n\t\t\t\t<div class=\"elementor-widget-container\">\n\t\t\t\n\t<!--\n\t=====================================================\n\t\tVcamp Text Block Five\n\t=====================================================\n\t-->\n\t<div class=\"vcamp-text-block-five mt-170 lg-mt-120\">\n\t\t<div class=\"container\">\n\t\t\t<div class=\"row align-items-center\">\n\t\t\t\t\t\n                <div class=\"col-xxl-6 col-xl-7 col-lg-5\">\n\t\t\t\t\t<div class=\"text-wrapper\">\n\t\t\t\t\t\t<div class=\"title-style-five\">\n\t\t\t\t\t\t\t<div class=\"upper-title\">About us<\/div>\t\t\t\t\t\t\t<h2 class=\"title\">We have helped clients globally.<\/h2>\t\t\t\t\t\t<\/div>\n\t\t\t\t\t<\/div>\n\t\t\t\t<\/div>\n                                \n\t\t\t\t<div class=\"col-xl-5 col-lg-6 ms-auto\">\n\t\t\t\t\t<div class=\"accordion accordion-style-one md-mt-30\" id=\"accordionOne\">\n\t\t\t\t\t\t\t\t\t\t\t\t<div class=\"accordion-item\">\n                            <div class=\"accordion-header\" id=\"headingOne1\">\n                                <button class=\"accordion-button collapsed\" type=\"button\" data-bs-toggle=\"collapse\" data-bs-target=\"#collapseOne1\" aria-expanded=\"true\" aria-controls=\"collapseOne1\">\n                                    Website traffic analysis                                <\/button>\n                            <\/div>\n                            <div id=\"collapseOne1\" class=\"accordion-collapse collapse\" aria-labelledby=\"headingOne1\" data-bs-parent=\"#accordionOne\">\n                                <div class=\"accordion-body\">\n                                    <p>Google Analytics is a service offered by Google that allows us to track the behavior of visitors to our website and provides us with detailed statistical data about them.\n\nAfter creating and launching a website we need to find out as much information as possible about its impact on users. <\/p>\n                                <\/div>\n                            <\/div>\n                        <\/div>\n\t\t\t\t\t\t\t\t\t\t\t\t<div class=\"accordion-item\">\n                            <div class=\"accordion-header\" id=\"headingOne2\">\n                                <button class=\"accordion-button\" type=\"button\" data-bs-toggle=\"collapse\" data-bs-target=\"#collapseOne2\" aria-expanded=\"true\" aria-controls=\"collapseOne2\">\n                                    Social media marketing                                <\/button>\n                            <\/div>\n                            <div id=\"collapseOne2\" class=\"accordion-collapse collapse show\" aria-labelledby=\"headingOne2\" data-bs-parent=\"#accordionOne\">\n                                <div class=\"accordion-body\">\n                                    <p>Online marketing in a business is a must, especially if you want to enjoy the notoriety at a higher threshold and if you want your services or products to reach as many people as possible. <\/p>\n                                <\/div>\n                            <\/div>\n                        <\/div>\n\t\t\t\t\t\t\t\t\t\t\t\t<div class=\"accordion-item\">\n                            <div class=\"accordion-header\" id=\"headingOne3\">\n                                <button class=\"accordion-button collapsed\" type=\"button\" data-bs-toggle=\"collapse\" data-bs-target=\"#collapseOne3\" aria-expanded=\"true\" aria-controls=\"collapseOne3\">\n                                    SEO tools                                <\/button>\n                            <\/div>\n                            <div id=\"collapseOne3\" class=\"accordion-collapse collapse\" aria-labelledby=\"headingOne3\" data-bs-parent=\"#accordionOne\">\n                                <div class=\"accordion-body\">\n                                    <p>SEO is a field that requires the convergence of several tools, as well as the expertise of specialists, gained over years of work and permanent documentation. The paid tools, used in SEO optimization, are essential to outline an overview of the current situation of the site, as well as in creating a personalized strategy that will quickly bring the desired results. <\/p>\n                                <\/div>\n                            <\/div>\n                        <\/div>\n\t\t\t\t\t\t\t\t\t\t\t<\/div>\n\t\t\t\t<\/div>\n\t\t\t<\/div>\n\t\t<\/div>\n\t<\/div> <!-- \/.vcamp-text-block-five -->\n\t<!--\n\t=====================================================\n\t\tEnd Vcamp Text Block Five\n\t=====================================================\n\t-->\n    \t\t<\/div>\n\t\t\t\t<\/div>\n\t\t\t\t\t<\/div>\n\t\t<\/div>\n\t\t\t\t\t\t\t<\/div>\n\t\t<\/section>\n\t\t\t\t<section class=\"elementor-section elementor-top-section elementor-element elementor-element-354faa6 elementor-section-full_width elementor-section-height-default elementor-section-height-default\" data-id=\"354faa6\" data-element_type=\"section\">\n\t\t\t\t\t\t<div class=\"elementor-container elementor-column-gap-default\">\n\t\t\t\t\t<div class=\"elementor-column elementor-col-100 elementor-top-column elementor-element elementor-element-c9b4975\" data-id=\"c9b4975\" data-element_type=\"column\">\n\t\t\t<div class=\"elementor-widget-wrap elementor-element-populated\">\n\t\t\t\t\t\t\t\t<div class=\"elementor-element elementor-element-1a286dc elementor-widget elementor-widget-vcamp_video_section\" data-id=\"1a286dc\" data-element_type=\"widget\" data-widget_type=\"vcamp_video_section.default\">\n\t\t\t\t<div class=\"elementor-widget-container\">\n\t\t\t\t\n    <!--\n    =====================================================\n        Vcamp Fancy Banner Two\n    =====================================================\n    -->\n    <div class=\"container\">\n        <div class=\"fancy-banner-two sm mt-170 lg-mt-100\" style=\"background-image:url('https:\/\/online-synergy.ro\/wp-content\/uploads\/2022\/01\/img_35.jpg')\">\n                        <div class=\"inner-content h-100 position-relative d-flex align-items-center justify-content-center\">\n                <a class=\"fancybox video-icon d-flex align-items-center justify-content-center\" data-fancybox=\"\" href=\"https:\/\/www.youtube.com\/embed\/aXFSJTjVjw0\" tabindex=\"0\">\n                    <img decoding=\"async\" src=\"https:\/\/online-synergy.ro\/wp-content\/themes\/vcamp\/assets\/images\/icon\/icon_43.svg\" alt=\"Awesome Image\" data-no-translation-alt=\"\">\n                <\/a>\n            <\/div> <!-- \/.inner-content -->\n                    <\/div>\n    <\/div> <!-- \/.fancy-banner-two -->\n    \n    \t\t<\/div>\n\t\t\t\t<\/div>\n\t\t\t\t\t<\/div>\n\t\t<\/div>\n\t\t\t\t\t\t\t<\/div>\n\t\t<\/section>\n\t\t\t\t<section class=\"elementor-section elementor-top-section elementor-element elementor-element-7c2f298 elementor-section-full_width elementor-section-height-default elementor-section-height-default\" data-id=\"7c2f298\" data-element_type=\"section\">\n\t\t\t\t\t\t<div class=\"elementor-container elementor-column-gap-default\">\n\t\t\t\t\t<div class=\"elementor-column elementor-col-100 elementor-top-column elementor-element elementor-element-e8542c9\" data-id=\"e8542c9\" data-element_type=\"column\">\n\t\t\t<div class=\"elementor-widget-wrap elementor-element-populated\">\n\t\t\t\t\t\t\t\t<div class=\"elementor-element elementor-element-ce175a0 elementor-widget elementor-widget-vcamp_funfacts_two\" data-id=\"ce175a0\" data-element_type=\"widget\" data-widget_type=\"vcamp_funfacts_two.default\">\n\t\t\t\t<div class=\"elementor-widget-container\">\n\t\t\t\t\t\r\n    \t\t\r\n\t<!--\r\n\t=====================================================\r\n\t\tCounter Section Three\r\n\t=====================================================\r\n\t-->\r\n\t<div class=\"counter-section-three mt-120 lg-mt-100\">\r\n\t\t<div class=\"container\">\r\n\t\t\t<div class=\"row\">\r\n\t\t\t\t\t\t\t\t<div class=\"col-md-4\">\r\n\t\t\t\t\t<div class=\"counter-block-three text-center mb-45\">\r\n\t\t\t\t\t\t<div class=\"main-count font-recoleta\"><span class=\"counter\">1.5<\/span>K<\/div>\r\n\t\t\t\t\t\t<p class=\"theme-mb-0\">Successful campaigns<\/p>\r\n\t\t\t\t\t<\/div> <!-- \/.counter-block-three -->\r\n\t\t\t\t<\/div>\r\n\t\t\t\t\t\t\t\t<div class=\"col-md-4\">\r\n\t\t\t\t\t<div class=\"counter-block-three text-center mb-45\">\r\n\t\t\t\t\t\t<div class=\"main-count font-recoleta\"><span class=\"counter\">70<\/span>k+<\/div>\r\n\t\t\t\t\t\t<p class=\"theme-mb-0\">Satisfied customers<\/p>\r\n\t\t\t\t\t<\/div> <!-- \/.counter-block-three -->\r\n\t\t\t\t<\/div>\r\n\t\t\t\t\t\t\t\t<div class=\"col-md-4\">\r\n\t\t\t\t\t<div class=\"counter-block-three text-center mb-45\">\r\n\t\t\t\t\t\t<div class=\"main-count font-recoleta\"><span class=\"counter\">589.843<\/span>$<\/div>\r\n\t\t\t\t\t\t<p class=\"theme-mb-0\">Transactional budget<\/p>\r\n\t\t\t\t\t<\/div> <!-- \/.counter-block-three -->\r\n\t\t\t\t<\/div>\r\n\t\t\t\t\t\t\t<\/div>\r\n\t\t<\/div>\r\n\t<\/div> <!-- \/.counter-section-three -->\t\r\n\t<!--\r\n\t=====================================================\r\n\t\tEnd Counter Section Three\r\n\t=====================================================\r\n\t-->\r\n\t\t\t\r\n    \t\t<\/div>\n\t\t\t\t<\/div>\n\t\t\t\t\t<\/div>\n\t\t<\/div>\n\t\t\t\t\t\t\t<\/div>\n\t\t<\/section>\n\t\t\t\t<section class=\"elementor-section elementor-top-section elementor-element elementor-element-91228de elementor-section-full_width elementor-section-height-default elementor-section-height-default\" data-id=\"91228de\" data-element_type=\"section\">\n\t\t\t\t\t\t<div class=\"elementor-container elementor-column-gap-default\">\n\t\t\t\t\t<div class=\"elementor-column elementor-col-100 elementor-top-column elementor-element elementor-element-5fde2cb\" data-id=\"5fde2cb\" data-element_type=\"column\">\n\t\t\t<div class=\"elementor-widget-wrap elementor-element-populated\">\n\t\t\t\t\t\t\t\t<div class=\"elementor-element elementor-element-2df20dc elementor-widget elementor-widget-vcamp_what_we_do\" data-id=\"2df20dc\" data-element_type=\"widget\" data-widget_type=\"vcamp_what_we_do.default\">\n\t\t\t\t<div class=\"elementor-widget-container\">\n\t\t\t\r\n    \t<!-- \r\n\t=============================================\r\n\t\tVcamp Feature Section Six\r\n\t============================================== \r\n\t-->\r\n\t<div class=\"vcamp-feature-section-six mt-150 lg-mt-70\">\r\n\t\t<div class=\"container\">\r\n\t\t\t<div class=\"row gx-xl-5\">\r\n\t\t\t\t<div class=\"col-lg-5\">\r\n\t\t\t\t\t<div class=\"text-wrapper pt-15 md-pb-50\">\r\n\t\t\t\t\t\t<div class=\"title-style-five\">\r\n\t\t\t\t\t\t\t<div class=\"upper-title\">Why us<\/div>\t\t\t\t\t\t\t<h2 class=\"title\">Why Online Synergy?<\/h2>\t\t\t\t\t\t<\/div>\r\n\t\t\t\t\t\t<p class=\"text-lg\">We help clients from any field of activity for good online visibility<\/p>\t\t\t\t\t<\/div> <!-- \/.text-wrapper -->\r\n\t\t\t\t<\/div>\r\n\t\t\t\t<div class=\"col-lg-7\">\r\n\t\t\t\t\t<div class=\"row\">\r\n\t\t\t\t\t\t\t\t\t\t\t\t<div class=\"col-md-6\">\r\n\t\t\t\t\t\t\t<div class=\"card-style-six\">\r\n\t\t\t\t\t\t\t\t<div class=\"icon d-flex align-items-end\"><img loading=\"lazy\" decoding=\"async\" width=\"50\" height=\"50\" src=\"https:\/\/online-synergy.ro\/wp-content\/uploads\/2021\/10\/icon_46.png\" class=\"tran3s wp-post-image\" alt=\"\" srcset=\"https:\/\/online-synergy.ro\/wp-content\/uploads\/2021\/10\/icon_46.png 50w, https:\/\/online-synergy.ro\/wp-content\/uploads\/2021\/10\/icon_46-40x40.png 40w, https:\/\/online-synergy.ro\/wp-content\/uploads\/2021\/10\/icon_46-23x24.png 23w, https:\/\/online-synergy.ro\/wp-content\/uploads\/2021\/10\/icon_46-45x45.png 45w, https:\/\/online-synergy.ro\/wp-content\/uploads\/2021\/10\/icon_46-38x38.png 38w\" sizes=\"auto, (max-width: 50px) 100vw, 50px\" \/><\/div>\r\n\t\t\t\t\t\t\t\t<h4>Passionate about Digital Marketing<\/h4>\r\n\t\t\t\t\t\t\t\t<p>We are a united team, oriented only towards performance and results<\/p>\r\n\t\t\t\t\t\t\t<\/div> <!-- \/.card-style-six -->\r\n\t\t\t\t\t\t<\/div>\r\n\t\t\t\t\t\t\t\t\t\t\t\t<div class=\"col-md-6\">\r\n\t\t\t\t\t\t\t<div class=\"card-style-six\">\r\n\t\t\t\t\t\t\t\t<div class=\"icon d-flex align-items-end\"><img loading=\"lazy\" decoding=\"async\" width=\"63\" height=\"52\" src=\"https:\/\/online-synergy.ro\/wp-content\/uploads\/2021\/10\/icon_48-63x52.png\" class=\"tran3s wp-post-image\" alt=\"\" \/><\/div>\r\n\t\t\t\t\t\t\t\t<h4>Total transparency<\/h4>\r\n\t\t\t\t\t\t\t\t<p>We are transparent in everything that our work means.<\/p>\r\n\t\t\t\t\t\t\t<\/div> <!-- \/.card-style-six -->\r\n\t\t\t\t\t\t<\/div>\r\n\t\t\t\t\t\t\t\t\t\t\t\t<div class=\"col-md-6\">\r\n\t\t\t\t\t\t\t<div class=\"card-style-six\">\r\n\t\t\t\t\t\t\t\t<div class=\"icon d-flex align-items-end\"><img loading=\"lazy\" decoding=\"async\" width=\"54\" height=\"52\" src=\"https:\/\/online-synergy.ro\/wp-content\/uploads\/2021\/10\/icon_47-54x52.png\" class=\"tran3s wp-post-image\" alt=\"\" srcset=\"https:\/\/online-synergy.ro\/wp-content\/uploads\/2021\/10\/icon_47-54x52.png 54w, https:\/\/online-synergy.ro\/wp-content\/uploads\/2021\/10\/icon_47-40x40.png 40w, https:\/\/online-synergy.ro\/wp-content\/uploads\/2021\/10\/icon_47-38x38.png 38w\" sizes=\"auto, (max-width: 54px) 100vw, 54px\" \/><\/div>\r\n\t\t\t\t\t\t\t\t<h4>Long term partnership<\/h4>\r\n\t\t\t\t\t\t\t\t<p>We want any new project to mark the beginning of a long-term partnership.<\/p>\r\n\t\t\t\t\t\t\t<\/div> <!-- \/.card-style-six -->\r\n\t\t\t\t\t\t<\/div>\r\n\t\t\t\t\t\t\t\t\t\t\t\t<div class=\"col-md-6\">\r\n\t\t\t\t\t\t\t<div class=\"card-style-six\">\r\n\t\t\t\t\t\t\t\t<div class=\"icon d-flex align-items-end\"><img loading=\"lazy\" decoding=\"async\" width=\"48\" height=\"48\" src=\"https:\/\/online-synergy.ro\/wp-content\/uploads\/2021\/10\/icon_49.png\" class=\"tran3s wp-post-image\" alt=\"\" srcset=\"https:\/\/online-synergy.ro\/wp-content\/uploads\/2021\/10\/icon_49.png 48w, https:\/\/online-synergy.ro\/wp-content\/uploads\/2021\/10\/icon_49-40x40.png 40w, https:\/\/online-synergy.ro\/wp-content\/uploads\/2021\/10\/icon_49-23x24.png 23w, https:\/\/online-synergy.ro\/wp-content\/uploads\/2021\/10\/icon_49-45x45.png 45w, https:\/\/online-synergy.ro\/wp-content\/uploads\/2021\/10\/icon_49-38x38.png 38w\" sizes=\"auto, (max-width: 48px) 100vw, 48px\" \/><\/div>\r\n\t\t\t\t\t\t\t\t<h4>Dynamism and adaptability<\/h4>\r\n\t\t\t\t\t\t\t\t<p>We adapt quickly to any field, any industry and accept any challenge.<\/p>\r\n\t\t\t\t\t\t\t<\/div> <!-- \/.card-style-six -->\r\n\t\t\t\t\t\t<\/div>\r\n\t\t\t\t\t\t\t\t\t\t\t<\/div>\r\n\t\t\t\t<\/div>\r\n\t\t\t<\/div>\r\n\t\t<\/div>\r\n\t\t<img decoding=\"async\" src=\"https:\/\/online-synergy.ro\/wp-content\/themes\/vcamp\/assets\/images\/shape\/shape_25.svg\" alt=\"Awesome Image\" class=\"shapes shape-one\" data-no-translation-alt=\"\">\r\n\t\t<img decoding=\"async\" src=\"https:\/\/online-synergy.ro\/wp-content\/themes\/vcamp\/assets\/images\/shape\/shape_26.svg\" alt=\"Awesome Image\" class=\"shapes shape-two\" data-no-translation-alt=\"\">\r\n\t<\/div> <!-- \/.vcamp-feature-section-six -->\r\n\t<!-- \r\n\t=============================================\r\n\t\tEnd Vcamp Feature Section Six\r\n\t============================================== \r\n\t-->\r\n\r\n    \t\t<\/div>\n\t\t\t\t<\/div>\n\t\t\t\t\t<\/div>\n\t\t<\/div>\n\t\t\t\t\t\t\t<\/div>\n\t\t<\/section>\n\t\t\t\t<section class=\"elementor-section elementor-top-section elementor-element elementor-element-0b05d06 elementor-section-full_width elementor-section-height-default elementor-section-height-default\" data-id=\"0b05d06\" data-element_type=\"section\">\n\t\t\t\t\t\t<div class=\"elementor-container elementor-column-gap-default\">\n\t\t\t\t\t<div class=\"elementor-column elementor-col-100 elementor-top-column elementor-element elementor-element-c2fed50\" data-id=\"c2fed50\" data-element_type=\"column\">\n\t\t\t<div class=\"elementor-widget-wrap elementor-element-populated\">\n\t\t\t\t\t\t\t\t\t<\/div>\n\t\t<\/div>\n\t\t\t\t\t\t\t<\/div>\n\t\t<\/section>\n\t\t\t\t\t\t\t<\/div>","protected":false},"excerpt":{"rendered":"<p>Despre noi Am ajutat clientii la nivel global. Analiza trafic website Google Analytics este un serviciu oferit de Google care ne permite urm\u0103rirea comportamentului vizitatorilor pe website-ul nostru \u0219i ne pune la dispozi\u021bie date statistice detaliate cu privire la ace\u0219tia. Dup\u0103 crearea \u0219i lansarea unui website avem nevoie s\u0103 afl\u0103m c\u00e2t mai multe informa\u021bii despre [&hellip;]<\/p>","protected":false},"author":1,"featured_media":0,"parent":0,"menu_order":0,"comment_status":"closed","ping_status":"closed","template":"tpl-default-elementor.php","meta":{"footnotes":""},"class_list":["post-794","page","type-page","status-publish","hentry"],"_links":{"self":[{"href":"https:\/\/online-synergy.ro\/en\/wp-json\/wp\/v2\/pages\/794","targetHints":{"allow":["GET"]}}],"collection":[{"href":"https:\/\/online-synergy.ro\/en\/wp-json\/wp\/v2\/pages"}],"about":[{"href":"https:\/\/online-synergy.ro\/en\/wp-json\/wp\/v2\/types\/page"}],"author":[{"embeddable":true,"href":"https:\/\/online-synergy.ro\/en\/wp-json\/wp\/v2\/users\/1"}],"replies":[{"embeddable":true,"href":"https:\/\/online-synergy.ro\/en\/wp-json\/wp\/v2\/comments?post=794"}],"version-history":[{"count":30,"href":"https:\/\/online-synergy.ro\/en\/wp-json\/wp\/v2\/pages\/794\/revisions"}],"predecessor-version":[{"id":5533,"href":"https:\/\/online-synergy.ro\/en\/wp-json\/wp\/v2\/pages\/794\/revisions\/5533"}],"wp:attachment":[{"href":"https:\/\/online-synergy.ro\/en\/wp-json\/wp\/v2\/media?parent=794"}],"curies":[{"name":"wp","href":"https:\/\/api.w.org\/{rel}","templated":true}]}}